{"id":11,"date":"2019-10-05T17:24:39","date_gmt":"2019-10-05T17:24:39","guid":{"rendered":"http:\/\/holzdekoration-ostermeier.com\/?page_id=11"},"modified":"2025-08-23T18:08:59","modified_gmt":"2025-08-23T18:08:59","slug":"home","status":"publish","type":"page","link":"https:\/\/holzdekoration-ostermeier.com\/","title":{"rendered":"Herzlich Willkommen"},"content":{"rendered":"\n<hr class=\"wp-block-separator has-alpha-channel-opacity\"\/>\n\n\n\n<figure class=\"wp-block-gallery has-nested-images columns-2 is-cropped aligncenter wp-block-gallery-1 is-layout-flex wp-block-gallery-is-layout-flex\">\n<figure class=\"wp-block-image size-large\"><img loading=\"lazy\" decoding=\"async\" width=\"768\" height=\"1024\" data-id=\"480\" src=\"http:\/\/holzdekoration-ostermeier.com\/wp-content\/uploads\/2022\/03\/IMG_20191031_170147593-768x1024.jpg\" alt=\"\" class=\"wp-image-480\" srcset=\"https:\/\/holzdekoration-ostermeier.com\/wp-content\/uploads\/2022\/03\/IMG_20191031_170147593-768x1024.jpg 768w, https:\/\/holzdekoration-ostermeier.com\/wp-content\/uploads\/2022\/03\/IMG_20191031_170147593-225x300.jpg 225w, https:\/\/holzdekoration-ostermeier.com\/wp-content\/uploads\/2022\/03\/IMG_20191031_170147593-1152x1536.jpg 1152w, https:\/\/holzdekoration-ostermeier.com\/wp-content\/uploads\/2022\/03\/IMG_20191031_170147593-1536x2048.jpg 1536w, https:\/\/holzdekoration-ostermeier.com\/wp-content\/uploads\/2022\/03\/IMG_20191031_170147593-1140x1520.jpg 1140w, https:\/\/holzdekoration-ostermeier.com\/wp-content\/uploads\/2022\/03\/IMG_20191031_170147593-scaled.jpg 1920w\" sizes=\"auto, (max-width: 768px) 100vw, 768px\" \/><\/figure>\n\n\n\n<figure class=\"wp-block-image size-large\"><img loading=\"lazy\" decoding=\"async\" width=\"1024\" height=\"768\" data-id=\"327\" src=\"http:\/\/holzdekoration-ostermeier.com\/wp-content\/uploads\/2020\/02\/IMG_20200202_144651481-1024x768.jpg\" alt=\"\" class=\"wp-image-327\" srcset=\"https:\/\/holzdekoration-ostermeier.com\/wp-content\/uploads\/2020\/02\/IMG_20200202_144651481-1024x768.jpg 1024w, https:\/\/holzdekoration-ostermeier.com\/wp-content\/uploads\/2020\/02\/IMG_20200202_144651481-300x225.jpg 300w, https:\/\/holzdekoration-ostermeier.com\/wp-content\/uploads\/2020\/02\/IMG_20200202_144651481-768x576.jpg 768w, https:\/\/holzdekoration-ostermeier.com\/wp-content\/uploads\/2020\/02\/IMG_20200202_144651481-1536x1152.jpg 1536w, https:\/\/holzdekoration-ostermeier.com\/wp-content\/uploads\/2020\/02\/IMG_20200202_144651481-2048x1536.jpg 2048w, https:\/\/holzdekoration-ostermeier.com\/wp-content\/uploads\/2020\/02\/IMG_20200202_144651481-1140x855.jpg 1140w\" sizes=\"auto, (max-width: 1024px) 100vw, 1024px\" \/><\/figure>\n\n\n\n<figure class=\"wp-block-image size-large\"><img loading=\"lazy\" decoding=\"async\" width=\"768\" height=\"1024\" data-id=\"382\" src=\"http:\/\/holzdekoration-ostermeier.com\/wp-content\/uploads\/2020\/11\/IMG_20191020_180001-768x1024.jpg\" alt=\"\" class=\"wp-image-382\" srcset=\"https:\/\/holzdekoration-ostermeier.com\/wp-content\/uploads\/2020\/11\/IMG_20191020_180001-768x1024.jpg 768w, https:\/\/holzdekoration-ostermeier.com\/wp-content\/uploads\/2020\/11\/IMG_20191020_180001-225x300.jpg 225w, https:\/\/holzdekoration-ostermeier.com\/wp-content\/uploads\/2020\/11\/IMG_20191020_180001-1152x1536.jpg 1152w, https:\/\/holzdekoration-ostermeier.com\/wp-content\/uploads\/2020\/11\/IMG_20191020_180001-1536x2048.jpg 1536w, https:\/\/holzdekoration-ostermeier.com\/wp-content\/uploads\/2020\/11\/IMG_20191020_180001-scaled.jpg 1920w\" sizes=\"auto, (max-width: 768px) 100vw, 768px\" \/><\/figure>\n\n\n\n<figure class=\"wp-block-image size-large\"><img loading=\"lazy\" decoding=\"async\" width=\"1024\" height=\"768\" data-id=\"218\" src=\"http:\/\/holzdekoration-ostermeier.com\/wp-content\/uploads\/2019\/11\/IMG_20191102_172903224-1024x768.jpg\" alt=\"\" class=\"wp-image-218\" srcset=\"https:\/\/holzdekoration-ostermeier.com\/wp-content\/uploads\/2019\/11\/IMG_20191102_172903224-1024x768.jpg 1024w, https:\/\/holzdekoration-ostermeier.com\/wp-content\/uploads\/2019\/11\/IMG_20191102_172903224-300x225.jpg 300w, https:\/\/holzdekoration-ostermeier.com\/wp-content\/uploads\/2019\/11\/IMG_20191102_172903224-768x576.jpg 768w, https:\/\/holzdekoration-ostermeier.com\/wp-content\/uploads\/2019\/11\/IMG_20191102_172903224-1140x855.jpg 1140w\" sizes=\"auto, (max-width: 1024px) 100vw, 1024px\" \/><\/figure>\n<\/figure>\n\n\n\n<hr class=\"wp-block-separator has-alpha-channel-opacity\"\/>\n\n\n<div class=\"wp-block-image\">\n<figure class=\"aligncenter size-large\"><img loading=\"lazy\" decoding=\"async\" width=\"1024\" height=\"768\" src=\"http:\/\/holzdekoration-ostermeier.com\/wp-content\/uploads\/2020\/01\/IMG_20191023_155723-1024x768.jpg\" alt=\"\" class=\"wp-image-305\" srcset=\"https:\/\/holzdekoration-ostermeier.com\/wp-content\/uploads\/2020\/01\/IMG_20191023_155723-1024x768.jpg 1024w, https:\/\/holzdekoration-ostermeier.com\/wp-content\/uploads\/2020\/01\/IMG_20191023_155723-300x225.jpg 300w, https:\/\/holzdekoration-ostermeier.com\/wp-content\/uploads\/2020\/01\/IMG_20191023_155723-768x576.jpg 768w, https:\/\/holzdekoration-ostermeier.com\/wp-content\/uploads\/2020\/01\/IMG_20191023_155723-1536x1152.jpg 1536w, https:\/\/holzdekoration-ostermeier.com\/wp-content\/uploads\/2020\/01\/IMG_20191023_155723-2048x1536.jpg 2048w, https:\/\/holzdekoration-ostermeier.com\/wp-content\/uploads\/2020\/01\/IMG_20191023_155723-1140x855.jpg 1140w\" sizes=\"auto, (max-width: 1024px) 100vw, 1024px\" \/><\/figure>\n<\/div>\n\n\n<hr class=\"wp-block-separator has-alpha-channel-opacity\"\/>\n\n\n\n<figure class=\"wp-block-gallery has-nested-images columns-default is-cropped wp-block-gallery-2 is-layout-flex wp-block-gallery-is-layout-flex\">\n<figure class=\"wp-block-image size-large\"><img loading=\"lazy\" decoding=\"async\" width=\"768\" height=\"1024\" data-id=\"149\" src=\"https:\/\/holzdekoration-ostermeier.com\/wp-content\/uploads\/2019\/10\/IMG_20191026_072325438-768x1024.jpg\" alt=\"\" class=\"wp-image-149\" srcset=\"https:\/\/holzdekoration-ostermeier.com\/wp-content\/uploads\/2019\/10\/IMG_20191026_072325438-768x1024.jpg 768w, https:\/\/holzdekoration-ostermeier.com\/wp-content\/uploads\/2019\/10\/IMG_20191026_072325438-225x300.jpg 225w, https:\/\/holzdekoration-ostermeier.com\/wp-content\/uploads\/2019\/10\/IMG_20191026_072325438-600x800.jpg 600w\" sizes=\"auto, (max-width: 768px) 100vw, 768px\" \/><\/figure>\n\n\n\n<figure class=\"wp-block-image size-large\"><img loading=\"lazy\" decoding=\"async\" width=\"768\" height=\"1024\" data-id=\"146\" src=\"https:\/\/holzdekoration-ostermeier.com\/wp-content\/uploads\/2019\/10\/IMG_20191026_074522280-768x1024.jpg\" alt=\"\" class=\"wp-image-146\" srcset=\"https:\/\/holzdekoration-ostermeier.com\/wp-content\/uploads\/2019\/10\/IMG_20191026_074522280-768x1024.jpg 768w, https:\/\/holzdekoration-ostermeier.com\/wp-content\/uploads\/2019\/10\/IMG_20191026_074522280-225x300.jpg 225w, https:\/\/holzdekoration-ostermeier.com\/wp-content\/uploads\/2019\/10\/IMG_20191026_074522280-600x800.jpg 600w\" sizes=\"auto, (max-width: 768px) 100vw, 768px\" \/><\/figure>\n\n\n\n<figure class=\"wp-block-image size-large\"><img loading=\"lazy\" decoding=\"async\" width=\"768\" height=\"1024\" data-id=\"141\" src=\"https:\/\/holzdekoration-ostermeier.com\/wp-content\/uploads\/2019\/10\/IMG_20191024_151056-768x1024.jpg\" alt=\"\" class=\"wp-image-141\" srcset=\"https:\/\/holzdekoration-ostermeier.com\/wp-content\/uploads\/2019\/10\/IMG_20191024_151056-768x1024.jpg 768w, https:\/\/holzdekoration-ostermeier.com\/wp-content\/uploads\/2019\/10\/IMG_20191024_151056-225x300.jpg 225w, https:\/\/holzdekoration-ostermeier.com\/wp-content\/uploads\/2019\/10\/IMG_20191024_151056-600x800.jpg 600w\" sizes=\"auto, (max-width: 768px) 100vw, 768px\" \/><\/figure>\n<\/figure>\n\n\n\n<hr class=\"wp-block-separator has-alpha-channel-opacity\"\/>\n\n\n\n<figure class=\"wp-block-image size-full\"><img loading=\"lazy\" decoding=\"async\" width=\"2560\" height=\"1920\" src=\"http:\/\/holzdekoration-ostermeier.com\/wp-content\/uploads\/2020\/07\/IMG_20200706_124403991-scaled.jpg\" alt=\"\" class=\"wp-image-358\" srcset=\"https:\/\/holzdekoration-ostermeier.com\/wp-content\/uploads\/2020\/07\/IMG_20200706_124403991-scaled.jpg 2560w, https:\/\/holzdekoration-ostermeier.com\/wp-content\/uploads\/2020\/07\/IMG_20200706_124403991-300x225.jpg 300w, https:\/\/holzdekoration-ostermeier.com\/wp-content\/uploads\/2020\/07\/IMG_20200706_124403991-768x576.jpg 768w, https:\/\/holzdekoration-ostermeier.com\/wp-content\/uploads\/2020\/07\/IMG_20200706_124403991-1536x1152.jpg 1536w, https:\/\/holzdekoration-ostermeier.com\/wp-content\/uploads\/2020\/07\/IMG_20200706_124403991-2048x1536.jpg 2048w, https:\/\/holzdekoration-ostermeier.com\/wp-content\/uploads\/2020\/07\/IMG_20200706_124403991-1140x855.jpg 1140w\" sizes=\"auto, (max-width: 2560px) 100vw, 2560px\" \/><\/figure>\n\n\n\n<hr class=\"wp-block-separator has-alpha-channel-opacity\"\/>\n\n\n\n<p class=\"has-text-align-left has-very-dark-gray-color has-text-color has-medium-font-size\">Wir, die Familie Ostermeier aus der Hallertau, arbeiten mit heimischen H\u00f6lzern ( z.B. Kirsche, Walnuss, Apfel, Birne usw. ) und fertigen daraus einzigartige Deko-Elemente.<\/p>\n\n\n\n<p class=\"has-medium-font-size\">Bei uns findet jeder etwas, vom kleinen Mitbringsel bis zur Standleuchte f\u00fcrs Wohnzimmer.<\/p>\n\n\n\n<p class=\"has-medium-font-size\">Holz ist ein Naturprodukt, deshalb ist jedes Teil ein Unikat, und alle Bilder nur Beispiele.<\/p>\n\n\n\n<p class=\"has-medium-font-size\">Auf Anfrage fertigen wir auch ganz individuelle und pers\u00f6nliche Gegenst\u00e4nde an.<\/p>\n\n\n\n<p class=\"has-medium-font-size\">Unser Sortiment erstreckt sich \u00fcber Produkte f\u00fcr alle Jahreszeiten, Indoor und Outdoor,  bis hin zu bemalten St\u00fccken.<\/p>\n\n\n\n<div style=\"height:100px\" aria-hidden=\"true\" class=\"wp-block-spacer\"><\/div>\n\n\n\n<p class=\"has-medium-font-size\">Bei Kaufinteresse, bitte um Kontaktaufnahme per Mail:<br><a href=\"mailto:info@holzdekoration-ostermeier.com\">info@holzdekoration-ostermeier.com<\/a><\/p>\n\n\n\n<div style=\"height:18px\" aria-hidden=\"true\" class=\"wp-block-spacer\"><\/div>\n\n\n\n<p><\/p>\n\n\n\n<div class=\"wp-block-columns has-very-light-gray-to-cyan-bluish-gray-gradient-background has-background is-layout-flex wp-container-core-columns-is-layout-9d6595d7 wp-block-columns-is-layout-flex\">\n<div class=\"wp-block-column is-layout-flow wp-block-column-is-layout-flow\" style=\"flex-basis:100%\">\n<h4 class=\"wp-block-heading\">F\u00fcr regelm\u00e4\u00dfige Updates und Fotos schauen Sie auch gerne auf unserem Instagram-Kanal vorbei:<\/h4>\n\n\n\t\t<div id=\"instagram-gallery-feed-qligg-1\" class=\"instagram-gallery-feed\" data-feed=\"{&quot;id&quot;:&quot;qligg-1&quot;,&quot;account_id&quot;:&quot;6845009688915098&quot;,&quot;source&quot;:&quot;username&quot;,&quot;tag&quot;:&quot;wordpress&quot;,&quot;order_by&quot;:&quot;top_media&quot;,&quot;layout&quot;:&quot;gallery&quot;,&quot;limit&quot;:12,&quot;columns&quot;:3,&quot;spacing&quot;:10,&quot;lazy&quot;:false,&quot;responsive&quot;:{&quot;desktop&quot;:{&quot;columns&quot;:3,&quot;spacing&quot;:10},&quot;tablet&quot;:{&quot;columns&quot;:2,&quot;spacing&quot;:8},&quot;mobile&quot;:{&quot;columns&quot;:1,&quot;spacing&quot;:6},&quot;breakpoints&quot;:{&quot;tablet&quot;:768,&quot;mobile&quot;:480}},&quot;aspect_ratio&quot;:{&quot;width&quot;:1,&quot;height&quot;:1},&quot;highlight&quot;:{&quot;tag&quot;:&quot;&quot;,&quot;id&quot;:&quot;&quot;,&quot;position&quot;:&quot;1,3,5&quot;},&quot;reel&quot;:{&quot;hide&quot;:false},&quot;copyright&quot;:{&quot;hide&quot;:false,&quot;placeholder&quot;:&quot;&quot;},&quot;profile&quot;:{&quot;display&quot;:false,&quot;username&quot;:&quot;&quot;,&quot;nickname&quot;:&quot;&quot;,&quot;website&quot;:&quot;&quot;,&quot;biography&quot;:&quot;&quot;,&quot;link_text&quot;:&quot;Follow&quot;,&quot;website_text&quot;:&quot;Website&quot;,&quot;avatar&quot;:&quot;&quot;},&quot;box&quot;:{&quot;display&quot;:false,&quot;padding&quot;:1,&quot;radius&quot;:0,&quot;background&quot;:&quot;#fefefe&quot;,&quot;profile&quot;:false,&quot;desc&quot;:&quot;&quot;,&quot;text_color&quot;:&quot;#000000&quot;},&quot;mask&quot;:{&quot;display&quot;:true,&quot;background&quot;:&quot;#000000&quot;,&quot;icon_color&quot;:&quot;#ffffff&quot;,&quot;likes_count&quot;:true,&quot;comments_count&quot;:true},&quot;card&quot;:{&quot;display&quot;:false,&quot;radius&quot;:1,&quot;font_size&quot;:12,&quot;background&quot;:&quot;#ffffff&quot;,&quot;background_hover&quot;:&quot;&quot;,&quot;text_color&quot;:&quot;#000000&quot;,&quot;padding&quot;:5,&quot;likes_count&quot;:true,&quot;text_length&quot;:10,&quot;comments_count&quot;:true,&quot;text_align&quot;:&quot;left&quot;},&quot;carousel&quot;:{&quot;centered_slides&quot;:false,&quot;autoplay&quot;:false,&quot;autoplay_interval&quot;:3000,&quot;navarrows&quot;:true,&quot;navarrows_color&quot;:&quot;&quot;,&quot;pagination&quot;:true,&quot;pagination_color&quot;:&quot;&quot;},&quot;modal&quot;:{&quot;display&quot;:true,&quot;profile&quot;:true,&quot;media_description&quot;:true,&quot;likes_count&quot;:true,&quot;comments_count&quot;:true,&quot;comments_list&quot;:false,&quot;text_align&quot;:&quot;left&quot;,&quot;modal_align&quot;:&quot;right&quot;,&quot;text_length&quot;:10000,&quot;font_size&quot;:12},&quot;button&quot;:{&quot;display&quot;:true,&quot;text&quot;:&quot;View on Instagram&quot;,&quot;text_color&quot;:&quot;#ffff&quot;,&quot;background&quot;:&quot;&quot;,&quot;background_hover&quot;:&quot;&quot;},&quot;button_load&quot;:{&quot;display&quot;:false,&quot;text&quot;:&quot;Load more...&quot;,&quot;text_color&quot;:&quot;#ffff&quot;,&quot;background&quot;:&quot;&quot;,&quot;background_hover&quot;:&quot;&quot;}}\">\n\t\t<!-- <FeedContainer\/> -->\n\t\t<\/div>\n\t\t<\/div>\n<\/div>\n","protected":false},"excerpt":{"rendered":"<p>Wir, die Familie Ostermeier aus der Hallertau, arbeiten mit heimischen H\u00f6lzern ( z.B. Kirsche, Walnuss, Apfel, Birne usw. ) und fertigen daraus einzigartige Deko-Elemente. Bei uns findet jeder etwas, vom kleinen Mitbringsel bis zur Standleuchte f\u00fcrs Wohnzimmer. Holz ist ein Naturprodukt, deshalb ist jedes Teil ein Unikat, und alle Bilder nur Beispiele. Auf Anfrage fertigen wir auch ganz individuelle und pers\u00f6nliche Gegenst\u00e4nde an. Unser Sortiment erstreckt sich \u00fcber Produkte f\u00fcr alle Jahreszeiten, Indoor und Outdoor, bis hin zu bemalten St\u00fccken. Bei Kaufinteresse, bitte um Kontaktaufnahme per Mail:info@holzdekoration-ostermeier.com F\u00fcr regelm\u00e4\u00dfige Updates und Fotos schauen Sie auch gerne auf unserem Instagram-Kanal vorbei:<\/p>\n","protected":false},"author":1,"featured_media":0,"parent":0,"menu_order":0,"comment_status":"closed","ping_status":"closed","template":"","meta":{"footnotes":""},"class_list":["post-11","page","type-page","status-publish","hentry"],"_links":{"self":[{"href":"https:\/\/holzdekoration-ostermeier.com\/index.php?rest_route=\/wp\/v2\/pages\/11","targetHints":{"allow":["GET"]}}],"collection":[{"href":"https:\/\/holzdekoration-ostermeier.com\/index.php?rest_route=\/wp\/v2\/pages"}],"about":[{"href":"https:\/\/holzdekoration-ostermeier.com\/index.php?rest_route=\/wp\/v2\/types\/page"}],"author":[{"embeddable":true,"href":"https:\/\/holzdekoration-ostermeier.com\/index.php?rest_route=\/wp\/v2\/users\/1"}],"replies":[{"embeddable":true,"href":"https:\/\/holzdekoration-ostermeier.com\/index.php?rest_route=%2Fwp%2Fv2%2Fcomments&post=11"}],"version-history":[{"count":43,"href":"https:\/\/holzdekoration-ostermeier.com\/index.php?rest_route=\/wp\/v2\/pages\/11\/revisions"}],"predecessor-version":[{"id":636,"href":"https:\/\/holzdekoration-ostermeier.com\/index.php?rest_route=\/wp\/v2\/pages\/11\/revisions\/636"}],"wp:attachment":[{"href":"https:\/\/holzdekoration-ostermeier.com\/index.php?rest_route=%2Fwp%2Fv2%2Fmedia&parent=11"}],"curies":[{"name":"wp","href":"https:\/\/api.w.org\/{rel}","templated":true}]}}